{"id":6343,"date":"2026-04-08T17:15:08","date_gmt":"2026-04-08T15:15:08","guid":{"rendered":"https:\/\/www.nouvellesdestinations.fr\/wordpress\/?post_type=product&#038;p=6343"},"modified":"2026-04-10T17:28:21","modified_gmt":"2026-04-10T15:28:21","slug":"sejour-a-europa-park-du-4-au-6-juillet-2026","status":"publish","type":"product","link":"https:\/\/www.nouvellesdestinations.fr\/wordpress\/produit\/sejour-a-europa-park-du-4-au-6-juillet-2026\/","title":{"rendered":"Votre chambre \u00e0 Europa-Park du 4 au 6 juillet 2026"},"content":{"rendered":"<h3>D\u00e9couvrez Europa-Park et ses 20 quartiers th\u00e9matiques europ\u00e9ens !<\/h3>\n<p>En 2025, Europa-Park, \u00e9lu\u00a0<b>10 fois meilleur parc\u00a0<\/b>de loisirs au monde, a c\u00e9l\u00e9br\u00e9 un demi-si\u00e8cle de souvenirs et d\u2019\u00e9motions partag\u00e9s. Cette saison anniversaire a attir\u00e9 plus de 7 millions de visiteurs tout au long de l\u2019ann\u00e9e.<br \/>\nLes 20 quartiers th\u00e9matiques europ\u00e9ens d\u2019<strong>Europa-Park<\/strong>\u00a0avec leur architecture, cuisine et v\u00e9g\u00e9tations typiques vous invitent \u00e0 un voyage \u00e0 travers l\u2019Europe.<br \/>\nPlus de\u00a0<strong>100 attractions<\/strong>\u00a0et jusqu\u2019\u00e0\u00a0<strong>23h de spectacles quotidiens<\/strong> (show sur glace, spectacle \u00e9questre, parades\u2026) vous promettent des moments \u00e9poustouflants et du divertissement pour toute la famille.\u00a0De nombreuses attractions \u00e0 sensations dont\u00a0<strong>13 grands huit<\/strong>\u00a0font la joie des plus t\u00e9m\u00e9raires.<br \/>\nDe<strong>\u00a0nombreuses attractions familiales<\/strong>\u00a0attendent \u00e9galement petits et grands. Parmi les derni\u00e8res nouveaut\u00e9s, une promenade en bateau avec les \u00ab\u00a0<em>Pirates de Batavia<\/em> \u00bb dans le quartier hollandais.<\/p>\n<div class=\"elementor-element elementor-element-04731b3 elementor-widget elementor-widget-image\" data-id=\"04731b3\" data-element_type=\"widget\" data-e-type=\"widget\" data-widget_type=\"image.default\">\n<div class=\"elementor-widget-container\"><img decoding=\"async\" class=\"attachment-large wp-image-6226 alignright\" src=\"https:\/\/www.nouvellesdestinations.fr\/wordpress\/wp-content\/uploads\/2026\/02\/EP21_Kronasar_Bubba_Sven_Aussenansicht_Drohnenaufnahme_Juni_2020-1024x575.jpg\" sizes=\"(max-width: 1024px) 100vw, 1024px\" srcset=\"https:\/\/www.nouvellesdestinations.fr\/wordpress\/wp-content\/uploads\/2026\/02\/EP21_Kronasar_Bubba_Sven_Aussenansicht_Drohnenaufnahme_Juni_2020-1024x575.jpg 1024w, https:\/\/www.nouvellesdestinations.fr\/wordpress\/wp-content\/uploads\/2026\/02\/EP21_Kronasar_Bubba_Sven_Aussenansicht_Drohnenaufnahme_Juni_2020-300x169.jpg 300w, https:\/\/www.nouvellesdestinations.fr\/wordpress\/wp-content\/uploads\/2026\/02\/EP21_Kronasar_Bubba_Sven_Aussenansicht_Drohnenaufnahme_Juni_2020-768x432.jpg 768w, https:\/\/www.nouvellesdestinations.fr\/wordpress\/wp-content\/uploads\/2026\/02\/EP21_Kronasar_Bubba_Sven_Aussenansicht_Drohnenaufnahme_Juni_2020-1536x863.jpg 1536w, https:\/\/www.nouvellesdestinations.fr\/wordpress\/wp-content\/uploads\/2026\/02\/EP21_Kronasar_Bubba_Sven_Aussenansicht_Drohnenaufnahme_Juni_2020-800x450.jpg 800w, https:\/\/www.nouvellesdestinations.fr\/wordpress\/wp-content\/uploads\/2026\/02\/EP21_Kronasar_Bubba_Sven_Aussenansicht_Drohnenaufnahme_Juni_2020-600x337.jpg 600w, https:\/\/www.nouvellesdestinations.fr\/wordpress\/wp-content\/uploads\/2026\/02\/EP21_Kronasar_Bubba_Sven_Aussenansicht_Drohnenaufnahme_Juni_2020.jpg 1600w\" alt=\"\" width=\"297\" height=\"167\" \/><\/div>\n<\/div>\n<div class=\"elementor-element elementor-element-8e7174d elementor-widget elementor-widget-text-editor\" data-id=\"8e7174d\" data-element_type=\"widget\" data-e-type=\"widget\" data-widget_type=\"text-editor.default\">\n<div class=\"elementor-widget-container\">\n<h3>H\u00f4tel Kronasar 4*Sup<\/h3>\n<p>L\u2019H\u00f4tel\u00a0<strong>Kr\u00f8nas\u00e5r<\/strong>\u00a0est un \u00e9tablissement 4 \u00e9toiles sup\u00e9rieur au design inspir\u00e9 d\u2019un mus\u00e9e d\u2019histoire naturelle nordique. Son architecture monumentale et ses espaces d\u00e9cor\u00e9s plongent les visiteurs dans l\u2019univers des explorateurs du\u00a0<strong>Grand Nord<\/strong>. Situ\u00e9 \u00e0 proximit\u00e9 imm\u00e9diate d\u2019Europa-Park et avec un acc\u00e8s direct \u00e0 Rulantica, il constitue un point de chute id\u00e9al pour allier d\u00e9paysement, confort et exp\u00e9rience immersive.<\/p>\n<\/div>\n<\/div>\n<p>&nbsp;<\/p>\n<p><strong>LE FORFAIT COMPREND :<\/strong><br \/>\n\u2022 2 nuits \u00e0 l\u2019h\u00f4tel Kronasar 4* Sup ou similaire (NL) selon le forfait choisi <em>(toutes les chambres sont climatis\u00e9es et non-fumeurs. Check-in: 15h30 &#8211; Check-out: 11h)<\/em><br \/>\n\u2022 Les petits d\u00e9jeuners \u00e0 l\u2019h\u00f4tel entre 7h00 et 10h00<br \/>\n\u2022 2 ou 3 jours cons\u00e9cutifs de visite \u00e0 Europa-Park pendant votre s\u00e9jour, en fonction du forfait choisi (selon horaires d\u2019ouverture du parc)<br \/>\n\u2022 Les avantages sp\u00e9cifiques li\u00e9s aux h\u00f4tels resort<br \/>\n&#8211; 1 place de parking \u00e0 l\u2019h\u00f4tel (acc\u00e8s au Parc \u00e0 pied ou en navette gratuite depuis l\u2019h\u00f4tel)<br \/>\n&#8211; Navette r\u00e9guli\u00e8re gratuite de l\u2019h\u00f4tel \u00e0 Europa-Park et vers les autres h\u00f4tels du resort<br \/>\n&#8211; Acc\u00e8s Anticip\u00e9 \u00e0 Europa-Park 30 min avant l&rsquo;ouverture au public (billet d&rsquo;entr\u00e9e valide requis)<br \/>\n&#8211; Acc\u00e8s \u00e0 l&rsquo;espace jeux pour les enfants au restaurant de l&rsquo;h\u00f4tel<br \/>\n&#8211; Programme de divertissements pour adultes et enfants<br \/>\n&#8211; Acc\u00e8s aux piscines des h\u00f4tels du resort<br \/>\n&#8211; Acc\u00e8s aux clubs de fitness et espaces saunas des h\u00f4tels du resort pour les adultes de 16 ans et + (massages et solarium payants)<br \/>\n\u2022 L\u2019assistance t\u00e9l\u00e9phonique 24\/7 de Nouvelles Destinations<\/p>\n<p><strong>LE FORFAIT NE COMPREND PAS :<\/strong><br \/>\n\u2022 Le transport au d\u00e9part de votre ville, et autres transferts<br \/>\n\u2022 Autres repas et services non express\u00e9ment inclus au programme<br \/>\n\u2022 Les taxes de s\u00e9jour, env. 1.45\u20ac\/nuit\/pers. de plus de 12 ans (\u00e0 r\u00e9gler sur place)<br \/>\n\u2022 Les services optionnels, pourboires et frais \u00e0 caract\u00e8re personnel<\/p>\n<p><strong>Conditions d\u2019annulation<br \/>\n<\/strong>Annulation avant le 15 mai 2026 : 50% de frais pour une annulation partielle ou totale \u2013 annulation \u00e0 partir du 15 mai 2026 et non pr\u00e9sentation : 100% de frais pour une annulation partielle ou totale.<br \/>\nEn cas d\u2019annulation d\u2019un participant dans une chambre, le tarif des autres occupants de la chambre sera recalcul\u00e9 en fonction de la grille de prix.<br \/>\nVeuillez noter que le changement de dates de s\u00e9jour n\u2019est pas autoris\u00e9 et est consid\u00e9r\u00e9 comme une annulation. Des frais peuvent s\u2019appliquer pour toute demande de modification.<\/p>\n","protected":false},"excerpt":{"rendered":"<p>Ce s\u00e9jour comprend 2 nuits \u00e0 l\u2019h\u00f4tel Kronasar 4* Sup (ou similaire), les petits d\u00e9jeuners \u00e0 l&rsquo;h\u00f4tel et 2 ou 3 jours cons\u00e9cutifs de visite \u00e0 Europa-Park.<br \/>\nChoisissez le nombre d&rsquo;adulte(s) et le nombre d&rsquo;enfant(s) par chambre.<br \/>\nLes enfants de moins de 4 ans dorment gratuitement dans le lit des parents (max. 1 enfant\/chambre).<br \/>\nMerci de nous indiquer les nom, pr\u00e9nom et date de naissance des participants en commentaires.<\/p>\n","protected":false},"featured_media":4366,"template":"","meta":{"content-type":"","_monsterinsights_skip_tracking":false,"_monsterinsights_sitenote_active":false,"_monsterinsights_sitenote_note":"","_monsterinsights_sitenote_category":0},"product_brand":[25],"product_cat":[24],"product_tag":[],"class_list":{"0":"post-6343","1":"product","2":"type-product","3":"status-publish","4":"has-post-thumbnail","6":"product_brand-nouvelles-destinations","7":"product_cat-voyages","9":"entry","10":"has-media","12":"first","13":"instock","14":"shipping-taxable","15":"purchasable","16":"product-type-variable","17":"has-default-attributes","18":"has-product-nav","19":"col","20":"span_1_of_3","21":"owp-content-center","22":"owp-thumbs-layout-horizontal","23":"owp-btn-normal","24":"owp-tabs-layout-horizontal","25":"has-no-thumbnails"},"yoast_head":"<!-- This site is optimized with the Yoast SEO plugin v27.1.1 - https:\/\/yoast.com\/product\/yoast-seo-wordpress\/ -->\n<title>Votre chambre \u00e0 Europa-Park du 4 au 6 juillet 2026 - Nouvelles Destinations<\/title>\n<meta name=\"robots\" content=\"index, follow, max-snippet:-1, max-image-preview:large, max-video-preview:-1\" \/>\n<link rel=\"canonical\" href=\"https:\/\/www.nouvellesdestinations.fr\/wordpress\/produit\/sejour-a-europa-park-du-4-au-6-juillet-2026\/\" \/>\n<meta property=\"og:locale\" content=\"fr_FR\" \/>\n<meta property=\"og:type\" content=\"article\" \/>\n<meta property=\"og:title\" content=\"Votre chambre \u00e0 Europa-Park du 4 au 6 juillet 2026 - Nouvelles Destinations\" \/>\n<meta property=\"og:description\" content=\"Ce s\u00e9jour comprend 2 nuits \u00e0 l\u2019h\u00f4tel Kronasar 4* Sup (ou similaire), les petits d\u00e9jeuners \u00e0 l&#039;h\u00f4tel et 2 ou 3 jours cons\u00e9cutifs de visite \u00e0 Europa-Park. Choisissez le nombre d&#039;adulte(s) et le nombre d&#039;enfant(s) par chambre. Les enfants de moins de 4 ans dorment gratuitement dans le lit des parents (max. 1 enfant\/chambre). Merci de nous indiquer les nom, pr\u00e9nom et date de naissance des participants en commentaires.\" \/>\n<meta property=\"og:url\" content=\"https:\/\/www.nouvellesdestinations.fr\/wordpress\/produit\/sejour-a-europa-park-du-4-au-6-juillet-2026\/\" \/>\n<meta property=\"og:site_name\" content=\"Nouvelles Destinations\" \/>\n<meta property=\"article:modified_time\" content=\"2026-04-10T15:28:21+00:00\" \/>\n<meta property=\"og:image\" content=\"https:\/\/www.nouvellesdestinations.fr\/wordpress\/wp-content\/uploads\/2024\/12\/gac-epa-ete.png\" \/>\n\t<meta property=\"og:image:width\" content=\"1080\" \/>\n\t<meta property=\"og:image:height\" content=\"750\" \/>\n\t<meta property=\"og:image:type\" content=\"image\/png\" \/>\n<meta name=\"twitter:card\" content=\"summary_large_image\" \/>\n<meta name=\"twitter:label1\" content=\"Dur\u00e9e de lecture estim\u00e9e\" \/>\n\t<meta name=\"twitter:data1\" content=\"4 minutes\" \/>\n<script type=\"application\/ld+json\" class=\"yoast-schema-graph\">{\"@context\":\"https:\/\/schema.org\",\"@graph\":[{\"@type\":\"WebPage\",\"@id\":\"https:\/\/www.nouvellesdestinations.fr\/wordpress\/produit\/sejour-a-europa-park-du-4-au-6-juillet-2026\/\",\"url\":\"https:\/\/www.nouvellesdestinations.fr\/wordpress\/produit\/sejour-a-europa-park-du-4-au-6-juillet-2026\/\",\"name\":\"Votre chambre \u00e0 Europa-Park du 4 au 6 juillet 2026 - Nouvelles Destinations\",\"isPartOf\":{\"@id\":\"https:\/\/www.nouvellesdestinations.fr\/wordpress\/#website\"},\"primaryImageOfPage\":{\"@id\":\"https:\/\/www.nouvellesdestinations.fr\/wordpress\/produit\/sejour-a-europa-park-du-4-au-6-juillet-2026\/#primaryimage\"},\"image\":{\"@id\":\"https:\/\/www.nouvellesdestinations.fr\/wordpress\/produit\/sejour-a-europa-park-du-4-au-6-juillet-2026\/#primaryimage\"},\"thumbnailUrl\":\"https:\/\/www.nouvellesdestinations.fr\/wordpress\/wp-content\/uploads\/2024\/12\/gac-epa-ete.png\",\"datePublished\":\"2026-04-08T15:15:08+00:00\",\"dateModified\":\"2026-04-10T15:28:21+00:00\",\"breadcrumb\":{\"@id\":\"https:\/\/www.nouvellesdestinations.fr\/wordpress\/produit\/sejour-a-europa-park-du-4-au-6-juillet-2026\/#breadcrumb\"},\"inLanguage\":\"fr-FR\",\"potentialAction\":[{\"@type\":\"ReadAction\",\"target\":[\"https:\/\/www.nouvellesdestinations.fr\/wordpress\/produit\/sejour-a-europa-park-du-4-au-6-juillet-2026\/\"]}]},{\"@type\":\"ImageObject\",\"inLanguage\":\"fr-FR\",\"@id\":\"https:\/\/www.nouvellesdestinations.fr\/wordpress\/produit\/sejour-a-europa-park-du-4-au-6-juillet-2026\/#primaryimage\",\"url\":\"https:\/\/www.nouvellesdestinations.fr\/wordpress\/wp-content\/uploads\/2024\/12\/gac-epa-ete.png\",\"contentUrl\":\"https:\/\/www.nouvellesdestinations.fr\/wordpress\/wp-content\/uploads\/2024\/12\/gac-epa-ete.png\",\"width\":1080,\"height\":750},{\"@type\":\"BreadcrumbList\",\"@id\":\"https:\/\/www.nouvellesdestinations.fr\/wordpress\/produit\/sejour-a-europa-park-du-4-au-6-juillet-2026\/#breadcrumb\",\"itemListElement\":[{\"@type\":\"ListItem\",\"position\":1,\"name\":\"Accueil\",\"item\":\"https:\/\/www.nouvellesdestinations.fr\/wordpress\/\"},{\"@type\":\"ListItem\",\"position\":2,\"name\":\"Boutique\",\"item\":\"https:\/\/www.nouvellesdestinations.fr\/wordpress\/boutique\/\"},{\"@type\":\"ListItem\",\"position\":3,\"name\":\"Votre chambre \u00e0 Europa-Park du 4 au 6 juillet 2026\"}]},{\"@type\":\"WebSite\",\"@id\":\"https:\/\/www.nouvellesdestinations.fr\/wordpress\/#website\",\"url\":\"https:\/\/www.nouvellesdestinations.fr\/wordpress\/\",\"name\":\"Nouvelles Destinations\",\"description\":\"Cr\u00e9ateur de voyages depuis 1996\",\"publisher\":{\"@id\":\"https:\/\/www.nouvellesdestinations.fr\/wordpress\/#organization\"},\"potentialAction\":[{\"@type\":\"SearchAction\",\"target\":{\"@type\":\"EntryPoint\",\"urlTemplate\":\"https:\/\/www.nouvellesdestinations.fr\/wordpress\/?s={search_term_string}\"},\"query-input\":{\"@type\":\"PropertyValueSpecification\",\"valueRequired\":true,\"valueName\":\"search_term_string\"}}],\"inLanguage\":\"fr-FR\"},{\"@type\":\"Organization\",\"@id\":\"https:\/\/www.nouvellesdestinations.fr\/wordpress\/#organization\",\"name\":\"Nouvelles Destinations\",\"url\":\"https:\/\/www.nouvellesdestinations.fr\/wordpress\/\",\"logo\":{\"@type\":\"ImageObject\",\"inLanguage\":\"fr-FR\",\"@id\":\"https:\/\/www.nouvellesdestinations.fr\/wordpress\/#\/schema\/logo\/image\/\",\"url\":\"https:\/\/www.nouvellesdestinations.fr\/wordpress\/wp-content\/uploads\/2020\/02\/Logo-Nouvelles-Destinations-PNG-e1582904447611.png\",\"contentUrl\":\"https:\/\/www.nouvellesdestinations.fr\/wordpress\/wp-content\/uploads\/2020\/02\/Logo-Nouvelles-Destinations-PNG-e1582904447611.png\",\"width\":200,\"height\":78,\"caption\":\"Nouvelles Destinations\"},\"image\":{\"@id\":\"https:\/\/www.nouvellesdestinations.fr\/wordpress\/#\/schema\/logo\/image\/\"}}]}<\/script>\n<!-- \/ Yoast SEO plugin. -->","yoast_head_json":{"title":"Votre chambre \u00e0 Europa-Park du 4 au 6 juillet 2026 - Nouvelles Destinations","robots":{"index":"index","follow":"follow","max-snippet":"max-snippet:-1","max-image-preview":"max-image-preview:large","max-video-preview":"max-video-preview:-1"},"canonical":"https:\/\/www.nouvellesdestinations.fr\/wordpress\/produit\/sejour-a-europa-park-du-4-au-6-juillet-2026\/","og_locale":"fr_FR","og_type":"article","og_title":"Votre chambre \u00e0 Europa-Park du 4 au 6 juillet 2026 - Nouvelles Destinations","og_description":"Ce s\u00e9jour comprend 2 nuits \u00e0 l\u2019h\u00f4tel Kronasar 4* Sup (ou similaire), les petits d\u00e9jeuners \u00e0 l'h\u00f4tel et 2 ou 3 jours cons\u00e9cutifs de visite \u00e0 Europa-Park. Choisissez le nombre d'adulte(s) et le nombre d'enfant(s) par chambre. Les enfants de moins de 4 ans dorment gratuitement dans le lit des parents (max. 1 enfant\/chambre). Merci de nous indiquer les nom, pr\u00e9nom et date de naissance des participants en commentaires.","og_url":"https:\/\/www.nouvellesdestinations.fr\/wordpress\/produit\/sejour-a-europa-park-du-4-au-6-juillet-2026\/","og_site_name":"Nouvelles Destinations","article_modified_time":"2026-04-10T15:28:21+00:00","og_image":[{"width":1080,"height":750,"url":"https:\/\/www.nouvellesdestinations.fr\/wordpress\/wp-content\/uploads\/2024\/12\/gac-epa-ete.png","type":"image\/png"}],"twitter_card":"summary_large_image","twitter_misc":{"Dur\u00e9e de lecture estim\u00e9e":"4 minutes"},"schema":{"@context":"https:\/\/schema.org","@graph":[{"@type":"WebPage","@id":"https:\/\/www.nouvellesdestinations.fr\/wordpress\/produit\/sejour-a-europa-park-du-4-au-6-juillet-2026\/","url":"https:\/\/www.nouvellesdestinations.fr\/wordpress\/produit\/sejour-a-europa-park-du-4-au-6-juillet-2026\/","name":"Votre chambre \u00e0 Europa-Park du 4 au 6 juillet 2026 - Nouvelles Destinations","isPartOf":{"@id":"https:\/\/www.nouvellesdestinations.fr\/wordpress\/#website"},"primaryImageOfPage":{"@id":"https:\/\/www.nouvellesdestinations.fr\/wordpress\/produit\/sejour-a-europa-park-du-4-au-6-juillet-2026\/#primaryimage"},"image":{"@id":"https:\/\/www.nouvellesdestinations.fr\/wordpress\/produit\/sejour-a-europa-park-du-4-au-6-juillet-2026\/#primaryimage"},"thumbnailUrl":"https:\/\/www.nouvellesdestinations.fr\/wordpress\/wp-content\/uploads\/2024\/12\/gac-epa-ete.png","datePublished":"2026-04-08T15:15:08+00:00","dateModified":"2026-04-10T15:28:21+00:00","breadcrumb":{"@id":"https:\/\/www.nouvellesdestinations.fr\/wordpress\/produit\/sejour-a-europa-park-du-4-au-6-juillet-2026\/#breadcrumb"},"inLanguage":"fr-FR","potentialAction":[{"@type":"ReadAction","target":["https:\/\/www.nouvellesdestinations.fr\/wordpress\/produit\/sejour-a-europa-park-du-4-au-6-juillet-2026\/"]}]},{"@type":"ImageObject","inLanguage":"fr-FR","@id":"https:\/\/www.nouvellesdestinations.fr\/wordpress\/produit\/sejour-a-europa-park-du-4-au-6-juillet-2026\/#primaryimage","url":"https:\/\/www.nouvellesdestinations.fr\/wordpress\/wp-content\/uploads\/2024\/12\/gac-epa-ete.png","contentUrl":"https:\/\/www.nouvellesdestinations.fr\/wordpress\/wp-content\/uploads\/2024\/12\/gac-epa-ete.png","width":1080,"height":750},{"@type":"BreadcrumbList","@id":"https:\/\/www.nouvellesdestinations.fr\/wordpress\/produit\/sejour-a-europa-park-du-4-au-6-juillet-2026\/#breadcrumb","itemListElement":[{"@type":"ListItem","position":1,"name":"Accueil","item":"https:\/\/www.nouvellesdestinations.fr\/wordpress\/"},{"@type":"ListItem","position":2,"name":"Boutique","item":"https:\/\/www.nouvellesdestinations.fr\/wordpress\/boutique\/"},{"@type":"ListItem","position":3,"name":"Votre chambre \u00e0 Europa-Park du 4 au 6 juillet 2026"}]},{"@type":"WebSite","@id":"https:\/\/www.nouvellesdestinations.fr\/wordpress\/#website","url":"https:\/\/www.nouvellesdestinations.fr\/wordpress\/","name":"Nouvelles Destinations","description":"Cr\u00e9ateur de voyages depuis 1996","publisher":{"@id":"https:\/\/www.nouvellesdestinations.fr\/wordpress\/#organization"},"potentialAction":[{"@type":"SearchAction","target":{"@type":"EntryPoint","urlTemplate":"https:\/\/www.nouvellesdestinations.fr\/wordpress\/?s={search_term_string}"},"query-input":{"@type":"PropertyValueSpecification","valueRequired":true,"valueName":"search_term_string"}}],"inLanguage":"fr-FR"},{"@type":"Organization","@id":"https:\/\/www.nouvellesdestinations.fr\/wordpress\/#organization","name":"Nouvelles Destinations","url":"https:\/\/www.nouvellesdestinations.fr\/wordpress\/","logo":{"@type":"ImageObject","inLanguage":"fr-FR","@id":"https:\/\/www.nouvellesdestinations.fr\/wordpress\/#\/schema\/logo\/image\/","url":"https:\/\/www.nouvellesdestinations.fr\/wordpress\/wp-content\/uploads\/2020\/02\/Logo-Nouvelles-Destinations-PNG-e1582904447611.png","contentUrl":"https:\/\/www.nouvellesdestinations.fr\/wordpress\/wp-content\/uploads\/2020\/02\/Logo-Nouvelles-Destinations-PNG-e1582904447611.png","width":200,"height":78,"caption":"Nouvelles Destinations"},"image":{"@id":"https:\/\/www.nouvellesdestinations.fr\/wordpress\/#\/schema\/logo\/image\/"}}]}},"_links":{"self":[{"href":"https:\/\/www.nouvellesdestinations.fr\/wordpress\/wp-json\/wp\/v2\/product\/6343","targetHints":{"allow":["GET"]}}],"collection":[{"href":"https:\/\/www.nouvellesdestinations.fr\/wordpress\/wp-json\/wp\/v2\/product"}],"about":[{"href":"https:\/\/www.nouvellesdestinations.fr\/wordpress\/wp-json\/wp\/v2\/types\/product"}],"wp:featuredmedia":[{"embeddable":true,"href":"https:\/\/www.nouvellesdestinations.fr\/wordpress\/wp-json\/wp\/v2\/media\/4366"}],"wp:attachment":[{"href":"https:\/\/www.nouvellesdestinations.fr\/wordpress\/wp-json\/wp\/v2\/media?parent=6343"}],"wp:term":[{"taxonomy":"product_brand","embeddable":true,"href":"https:\/\/www.nouvellesdestinations.fr\/wordpress\/wp-json\/wp\/v2\/product_brand?post=6343"},{"taxonomy":"product_cat","embeddable":true,"href":"https:\/\/www.nouvellesdestinations.fr\/wordpress\/wp-json\/wp\/v2\/product_cat?post=6343"},{"taxonomy":"product_tag","embeddable":true,"href":"https:\/\/www.nouvellesdestinations.fr\/wordpress\/wp-json\/wp\/v2\/product_tag?post=6343"}],"curies":[{"name":"wp","href":"https:\/\/api.w.org\/{rel}","templated":true}]}}