{"id":3,"date":"2020-02-28T09:29:09","date_gmt":"2020-02-28T08:29:09","guid":{"rendered":"https:\/\/www.nouvellesdestinations.fr\/wordpress\/?page_id=3"},"modified":"2025-03-04T15:37:57","modified_gmt":"2025-03-04T14:37:57","slug":"politique-de-confidentialite","status":"publish","type":"page","link":"https:\/\/www.nouvellesdestinations.fr\/wordpress\/politique-de-confidentialite\/","title":{"rendered":"Politique de confidentialit\u00e9"},"content":{"rendered":"<style>.elementor-3 .elementor-element.elementor-element-2bb01add{--display:flex;}<\/style>\t\t<div data-elementor-type=\"wp-page\" data-elementor-id=\"3\" class=\"elementor elementor-3\" data-elementor-post-type=\"page\">\n\t\t\t\t<div class=\"elementor-element elementor-element-2bb01add e-flex e-con-boxed e-con e-parent\" data-id=\"2bb01add\" data-element_type=\"container\" data-e-type=\"container\">\n\t\t\t\t\t<div class=\"e-con-inner\">\n\t\t\t\t<div class=\"elementor-element elementor-element-5441526b elementor-widget elementor-widget-text-editor\" data-id=\"5441526b\" data-element_type=\"widget\" data-e-type=\"widget\" data-widget_type=\"text-editor.default\">\n\t\t\t\t<div class=\"elementor-widget-container\">\n\t\t\t\t\t\t\t\t\t<p><\/p>\n<p><span style=\"font-size: 16px; text-align: var(--text-align); color: #4a4a4a;\">Dans le respect de la loi du 6 janvier 1978 relative \u00e0 l&rsquo;informatique, aux fichiers et aux libert\u00e9s et du R\u00e8glement G\u00e9n\u00e9ral de Protection des Donn\u00e9es, <strong>Nouvelles Destinations<\/strong> collecte des donn\u00e9es \u00e0 caract\u00e8re personnel dans le cadre des commandes qui sont pass\u00e9es sur son site.<\/span><\/p>\n<p>Les informations collect\u00e9es sont celles n\u00e9cessaires au traitement de la commande. Ces donn\u00e9es sont destin\u00e9es \u00e0 Nouvelles Destinations, mais peuvent \u00e9galement, si l\u2019ex\u00e9cution de la commande le n\u00e9cessite, \u00eatre fournies \u00e0 des tiers.<\/p>\n<p>Vous disposez d\u2019un droit d\u2019acc\u00e8s, de rectification, d\u2019opposition, de limitation du traitement, d\u2019effacement et de portabilit\u00e9 pour demander le transfert de vos donn\u00e9es lorsque cela est possible.<br \/>Vous pouvez exercer ces droits par courrier \u00e0 NOUVELLES DESTINATIONS, Service des Donn\u00e9es Personnelles, 222 rue du Faubourg Saint-Honor\u00e9, 75008 PARIS.<br \/>Votre demande devra \u00eatre accompagn\u00e9e d\u2019un document d\u2019identit\u00e9 en cours de validit\u00e9 afin de nous permettre de vous identifier et de prot\u00e9ger ainsi vos donn\u00e9es.<\/p>\n<p>La dur\u00e9e de conservation des donn\u00e9es correspond \u00e0 la dur\u00e9e de la prescription l\u00e9gale de la relation entre la personne concern\u00e9e et Nouvelles Destinations.<br \/>Au-del\u00e0 de cette dur\u00e9e, certaines donn\u00e9es peuvent \u00eatre conserv\u00e9es \u00e0 des fins d\u2019archives ou statistiques.<\/p>\n<p>Nous utilisons \u00e9galement sur notre site Internet des cookies :<br \/><strong>\u2022 Cookies de fonctionnement du site :<\/strong><br \/>Nous utilisons des cookies n\u00e9cessaires au fonctionnement du site. Il s\u2019agit de cookies de session, permettant au site de conserver vos identifiants de compte durant votre navigation.<br \/>Ces cookies ne sont stock\u00e9s que le temps de votre visite sur notre site et sont effac\u00e9s en fin de session.<br \/><strong>\u2022 Cookies d&rsquo;analyse et de statistique :<\/strong><br \/>Nous utilisons ces cookies d&rsquo;analyse et de statistique pour comprendre comment nos clients naviguent sur notre site. Nous utilisons \u00e9galement ces donn\u00e9es pour personnaliser notre site en fonction de vos pr\u00e9f\u00e9rences.<br \/>Ces cookies sont d\u00e9pos\u00e9s par notre outil d\u2019analyse Google Analytics, g\u00e9r\u00e9 par Google LLC, 1600 Amphitheatre ParkWay, Mountain View, CA 94043, ETATS-UNIS.<br \/><strong>\u2022 Cookies publicitaires<\/strong><br \/>Les cookies publicitaires sont utilis\u00e9s pour vous pr\u00e9senter de la publicit\u00e9 selon vos centres d\u2019int\u00e9r\u00eat.<br \/>Ces cookies sont d\u00e9pos\u00e9s par notre outil d\u2019analyse Google Analytics, g\u00e9r\u00e9 par Google LLC, 1600 Amphitheatre ParkWay, Mountain View, CA 94043, ETATS-UNIS.<br \/><strong>\u2022 Cookies de r\u00e9seaux sociaux<\/strong><br \/>Les cookies de r\u00e9seaux sociaux permettent aux usagers qui naviguent sur notre site d&rsquo;en partager le contenu \u00e0 travers des r\u00e9seaux sociaux tiers.<br \/>Ces cookies sont g\u00e9r\u00e9s directement par les diff\u00e9rentes plateformes de r\u00e9seaux sociaux (Facebook, Instagram\u2026).<\/p>\n<p>Les cookies sont conserv\u00e9s pendant 13 mois.<\/p>\n<p>Lors de votre premi\u00e8re connexion \u00e0 notre site, puis tous les 13 mois, vous pouvez configurer vos r\u00e9glages et choisir comment vous souhaitez que vos donn\u00e9es personnelles soient utilis\u00e9es.<\/p>\n<p>Ces donn\u00e9es pourront \u00e9galement \u00eatre utilis\u00e9es par Nouvelles Destinations dans le cadre de prospections commerciales, mais ne pourront jamais, dans cette hypoth\u00e8se, \u00eatre transmises \u00e0 des tiers.<\/p>\n<p>Si vous ne le souhaitez pas, cliquez sur le lien ci-contre : <a href=\"mailto:protection.donnees@nouvelles-destinations.com\">protection.donnees@nouvelles-destinations.com<\/a><\/p>\n<p>\u00a0<\/p>\n<p><\/p>\t\t\t\t\t\t\t\t<\/div>\n\t\t\t\t<\/div>\n\t\t\t\t\t<\/div>\n\t\t\t\t<\/div>\n\t\t\t\t<\/div>\n\t\t","protected":false},"excerpt":{"rendered":"<p>Dans le respect de la loi du 6 janvier 1978 relative \u00e0 l&rsquo;informatique, aux fichiers et aux libert\u00e9s et du R\u00e8glement G\u00e9n\u00e9ral de Protection des Donn\u00e9es, Nouvelles Destinations collecte des donn\u00e9es \u00e0 caract\u00e8re personnel dans le cadre des commandes qui sont pass\u00e9es sur son site. Les informations collect\u00e9es sont celles n\u00e9cessaires au traitement de la [&hellip;]<\/p>\n","protected":false},"author":1,"featured_media":0,"parent":0,"menu_order":0,"comment_status":"closed","ping_status":"open","template":"","meta":{"content-type":"","_monsterinsights_skip_tracking":false,"_monsterinsights_sitenote_active":false,"_monsterinsights_sitenote_note":"","_monsterinsights_sitenote_category":0,"footnotes":""},"class_list":["post-3","page","type-page","status-publish","hentry","entry","owp-thumbs-layout-horizontal","owp-btn-normal","owp-tabs-layout-horizontal","has-no-thumbnails","has-product-nav"],"yoast_head":"<!-- This site is optimized with the Yoast SEO plugin v27.1.1 - https:\/\/yoast.com\/product\/yoast-seo-wordpress\/ -->\n<title>Politique de confidentialit\u00e9 - Nouvelles Destinations<\/title>\n<meta name=\"robots\" content=\"index, follow, max-snippet:-1, max-image-preview:large, max-video-preview:-1\" \/>\n<link rel=\"canonical\" href=\"https:\/\/www.nouvellesdestinations.fr\/wordpress\/politique-de-confidentialite\/\" \/>\n<meta property=\"og:locale\" content=\"fr_FR\" \/>\n<meta property=\"og:type\" content=\"article\" \/>\n<meta property=\"og:title\" content=\"Politique de confidentialit\u00e9 - Nouvelles Destinations\" \/>\n<meta property=\"og:description\" content=\"Dans le respect de la loi du 6 janvier 1978 relative \u00e0 l&rsquo;informatique, aux fichiers et aux libert\u00e9s et du R\u00e8glement G\u00e9n\u00e9ral de Protection des Donn\u00e9es, Nouvelles Destinations collecte des donn\u00e9es \u00e0 caract\u00e8re personnel dans le cadre des commandes qui sont pass\u00e9es sur son site. Les informations collect\u00e9es sont celles n\u00e9cessaires au traitement de la [&hellip;]\" \/>\n<meta property=\"og:url\" content=\"https:\/\/www.nouvellesdestinations.fr\/wordpress\/politique-de-confidentialite\/\" \/>\n<meta property=\"og:site_name\" content=\"Nouvelles Destinations\" \/>\n<meta property=\"article:modified_time\" content=\"2025-03-04T14:37:57+00:00\" \/>\n<meta name=\"twitter:card\" content=\"summary_large_image\" \/>\n<meta name=\"twitter:label1\" content=\"Dur\u00e9e de lecture estim\u00e9e\" \/>\n\t<meta name=\"twitter:data1\" content=\"3 minutes\" \/>\n<script type=\"application\/ld+json\" class=\"yoast-schema-graph\">{\"@context\":\"https:\/\/schema.org\",\"@graph\":[{\"@type\":\"WebPage\",\"@id\":\"https:\/\/www.nouvellesdestinations.fr\/wordpress\/politique-de-confidentialite\/\",\"url\":\"https:\/\/www.nouvellesdestinations.fr\/wordpress\/politique-de-confidentialite\/\",\"name\":\"Politique de confidentialit\u00e9 - Nouvelles Destinations\",\"isPartOf\":{\"@id\":\"https:\/\/www.nouvellesdestinations.fr\/wordpress\/#website\"},\"datePublished\":\"2020-02-28T08:29:09+00:00\",\"dateModified\":\"2025-03-04T14:37:57+00:00\",\"breadcrumb\":{\"@id\":\"https:\/\/www.nouvellesdestinations.fr\/wordpress\/politique-de-confidentialite\/#breadcrumb\"},\"inLanguage\":\"fr-FR\",\"potentialAction\":[{\"@type\":\"ReadAction\",\"target\":[\"https:\/\/www.nouvellesdestinations.fr\/wordpress\/politique-de-confidentialite\/\"]}]},{\"@type\":\"BreadcrumbList\",\"@id\":\"https:\/\/www.nouvellesdestinations.fr\/wordpress\/politique-de-confidentialite\/#breadcrumb\",\"itemListElement\":[{\"@type\":\"ListItem\",\"position\":1,\"name\":\"Accueil\",\"item\":\"https:\/\/www.nouvellesdestinations.fr\/wordpress\/\"},{\"@type\":\"ListItem\",\"position\":2,\"name\":\"Politique de confidentialit\u00e9\"}]},{\"@type\":\"WebSite\",\"@id\":\"https:\/\/www.nouvellesdestinations.fr\/wordpress\/#website\",\"url\":\"https:\/\/www.nouvellesdestinations.fr\/wordpress\/\",\"name\":\"Nouvelles Destinations\",\"description\":\"Cr\u00e9ateur de voyages depuis 1996\",\"publisher\":{\"@id\":\"https:\/\/www.nouvellesdestinations.fr\/wordpress\/#organization\"},\"potentialAction\":[{\"@type\":\"SearchAction\",\"target\":{\"@type\":\"EntryPoint\",\"urlTemplate\":\"https:\/\/www.nouvellesdestinations.fr\/wordpress\/?s={search_term_string}\"},\"query-input\":{\"@type\":\"PropertyValueSpecification\",\"valueRequired\":true,\"valueName\":\"search_term_string\"}}],\"inLanguage\":\"fr-FR\"},{\"@type\":\"Organization\",\"@id\":\"https:\/\/www.nouvellesdestinations.fr\/wordpress\/#organization\",\"name\":\"Nouvelles Destinations\",\"url\":\"https:\/\/www.nouvellesdestinations.fr\/wordpress\/\",\"logo\":{\"@type\":\"ImageObject\",\"inLanguage\":\"fr-FR\",\"@id\":\"https:\/\/www.nouvellesdestinations.fr\/wordpress\/#\/schema\/logo\/image\/\",\"url\":\"https:\/\/www.nouvellesdestinations.fr\/wordpress\/wp-content\/uploads\/2020\/02\/Logo-Nouvelles-Destinations-PNG-e1582904447611.png\",\"contentUrl\":\"https:\/\/www.nouvellesdestinations.fr\/wordpress\/wp-content\/uploads\/2020\/02\/Logo-Nouvelles-Destinations-PNG-e1582904447611.png\",\"width\":200,\"height\":78,\"caption\":\"Nouvelles Destinations\"},\"image\":{\"@id\":\"https:\/\/www.nouvellesdestinations.fr\/wordpress\/#\/schema\/logo\/image\/\"}}]}<\/script>\n<!-- \/ Yoast SEO plugin. -->","yoast_head_json":{"title":"Politique de confidentialit\u00e9 - Nouvelles Destinations","robots":{"index":"index","follow":"follow","max-snippet":"max-snippet:-1","max-image-preview":"max-image-preview:large","max-video-preview":"max-video-preview:-1"},"canonical":"https:\/\/www.nouvellesdestinations.fr\/wordpress\/politique-de-confidentialite\/","og_locale":"fr_FR","og_type":"article","og_title":"Politique de confidentialit\u00e9 - Nouvelles Destinations","og_description":"Dans le respect de la loi du 6 janvier 1978 relative \u00e0 l&rsquo;informatique, aux fichiers et aux libert\u00e9s et du R\u00e8glement G\u00e9n\u00e9ral de Protection des Donn\u00e9es, Nouvelles Destinations collecte des donn\u00e9es \u00e0 caract\u00e8re personnel dans le cadre des commandes qui sont pass\u00e9es sur son site. Les informations collect\u00e9es sont celles n\u00e9cessaires au traitement de la [&hellip;]","og_url":"https:\/\/www.nouvellesdestinations.fr\/wordpress\/politique-de-confidentialite\/","og_site_name":"Nouvelles Destinations","article_modified_time":"2025-03-04T14:37:57+00:00","twitter_card":"summary_large_image","twitter_misc":{"Dur\u00e9e de lecture estim\u00e9e":"3 minutes"},"schema":{"@context":"https:\/\/schema.org","@graph":[{"@type":"WebPage","@id":"https:\/\/www.nouvellesdestinations.fr\/wordpress\/politique-de-confidentialite\/","url":"https:\/\/www.nouvellesdestinations.fr\/wordpress\/politique-de-confidentialite\/","name":"Politique de confidentialit\u00e9 - Nouvelles Destinations","isPartOf":{"@id":"https:\/\/www.nouvellesdestinations.fr\/wordpress\/#website"},"datePublished":"2020-02-28T08:29:09+00:00","dateModified":"2025-03-04T14:37:57+00:00","breadcrumb":{"@id":"https:\/\/www.nouvellesdestinations.fr\/wordpress\/politique-de-confidentialite\/#breadcrumb"},"inLanguage":"fr-FR","potentialAction":[{"@type":"ReadAction","target":["https:\/\/www.nouvellesdestinations.fr\/wordpress\/politique-de-confidentialite\/"]}]},{"@type":"BreadcrumbList","@id":"https:\/\/www.nouvellesdestinations.fr\/wordpress\/politique-de-confidentialite\/#breadcrumb","itemListElement":[{"@type":"ListItem","position":1,"name":"Accueil","item":"https:\/\/www.nouvellesdestinations.fr\/wordpress\/"},{"@type":"ListItem","position":2,"name":"Politique de confidentialit\u00e9"}]},{"@type":"WebSite","@id":"https:\/\/www.nouvellesdestinations.fr\/wordpress\/#website","url":"https:\/\/www.nouvellesdestinations.fr\/wordpress\/","name":"Nouvelles Destinations","description":"Cr\u00e9ateur de voyages depuis 1996","publisher":{"@id":"https:\/\/www.nouvellesdestinations.fr\/wordpress\/#organization"},"potentialAction":[{"@type":"SearchAction","target":{"@type":"EntryPoint","urlTemplate":"https:\/\/www.nouvellesdestinations.fr\/wordpress\/?s={search_term_string}"},"query-input":{"@type":"PropertyValueSpecification","valueRequired":true,"valueName":"search_term_string"}}],"inLanguage":"fr-FR"},{"@type":"Organization","@id":"https:\/\/www.nouvellesdestinations.fr\/wordpress\/#organization","name":"Nouvelles Destinations","url":"https:\/\/www.nouvellesdestinations.fr\/wordpress\/","logo":{"@type":"ImageObject","inLanguage":"fr-FR","@id":"https:\/\/www.nouvellesdestinations.fr\/wordpress\/#\/schema\/logo\/image\/","url":"https:\/\/www.nouvellesdestinations.fr\/wordpress\/wp-content\/uploads\/2020\/02\/Logo-Nouvelles-Destinations-PNG-e1582904447611.png","contentUrl":"https:\/\/www.nouvellesdestinations.fr\/wordpress\/wp-content\/uploads\/2020\/02\/Logo-Nouvelles-Destinations-PNG-e1582904447611.png","width":200,"height":78,"caption":"Nouvelles Destinations"},"image":{"@id":"https:\/\/www.nouvellesdestinations.fr\/wordpress\/#\/schema\/logo\/image\/"}}]}},"_links":{"self":[{"href":"https:\/\/www.nouvellesdestinations.fr\/wordpress\/wp-json\/wp\/v2\/pages\/3","targetHints":{"allow":["GET"]}}],"collection":[{"href":"https:\/\/www.nouvellesdestinations.fr\/wordpress\/wp-json\/wp\/v2\/pages"}],"about":[{"href":"https:\/\/www.nouvellesdestinations.fr\/wordpress\/wp-json\/wp\/v2\/types\/page"}],"author":[{"embeddable":true,"href":"https:\/\/www.nouvellesdestinations.fr\/wordpress\/wp-json\/wp\/v2\/users\/1"}],"replies":[{"embeddable":true,"href":"https:\/\/www.nouvellesdestinations.fr\/wordpress\/wp-json\/wp\/v2\/comments?post=3"}],"version-history":[{"count":3,"href":"https:\/\/www.nouvellesdestinations.fr\/wordpress\/wp-json\/wp\/v2\/pages\/3\/revisions"}],"predecessor-version":[{"id":5055,"href":"https:\/\/www.nouvellesdestinations.fr\/wordpress\/wp-json\/wp\/v2\/pages\/3\/revisions\/5055"}],"wp:attachment":[{"href":"https:\/\/www.nouvellesdestinations.fr\/wordpress\/wp-json\/wp\/v2\/media?parent=3"}],"curies":[{"name":"wp","href":"https:\/\/api.w.org\/{rel}","templated":true}]}}