{"id":24,"date":"2020-02-28T10:32:26","date_gmt":"2020-02-28T09:32:26","guid":{"rendered":"https:\/\/www.nouvellesdestinations.fr\/wordpress\/?page_id=24"},"modified":"2024-09-02T12:37:07","modified_gmt":"2024-09-02T10:37:07","slug":"nous-contacter","status":"publish","type":"page","link":"https:\/\/www.nouvellesdestinations.fr\/wordpress\/nous-contacter\/","title":{"rendered":"Contact"},"content":{"rendered":"\r\n<p>Notre centrale de r\u00e9servations est joignable au\u00a0<strong>04 67 02 24 20.<br \/><\/strong>Notre <a href=\"https:\/\/www.nouvellesdestinations.fr\/wordpress\/service-groupes\/\">service Groupes<\/a> est joignable au <strong>04 67 02 02 55.<br \/><\/strong><br \/>Le standard est ouvert du lundi au vendredi de 10h00 \u00e0 12h30 et de 13h30 \u00e0 17h.<strong><br \/><br \/><\/strong>Nous traitons \u00e9galement vos demandes par e-mail \u00e0 : <a href=\"booking@nouvelles-destinations.com\">booking@nouvelles-destinations.com <\/a>ou <a href=\"groupes@nouvelles-destinations.com\">groupes@nouvelles-destinations.com<\/a><strong><em><a href=\"groupes@nouvelles-destinations.com\">.<\/a><br \/><\/em><\/strong><\/p>\r\n\r\n\r\n\r\n\r\n","protected":false},"excerpt":{"rendered":"<p>Notre centrale de r\u00e9servations est joignable au\u00a004 67 02 24 20.Notre service Groupes est joignable au 04 67 02 02 55.Le standard est ouvert du lundi au vendredi de 10h00 \u00e0 12h30 et de 13h30 \u00e0 17h. Nous traitons \u00e9galement vos demandes par e-mail \u00e0 : booking@nouvelles-destinations.com ou groupes@nouvelles-destinations.com.<\/p>\n","protected":false},"author":1,"featured_media":0,"parent":0,"menu_order":0,"comment_status":"closed","ping_status":"closed","template":"","meta":{"content-type":"","_monsterinsights_skip_tracking":false,"_monsterinsights_sitenote_active":false,"_monsterinsights_sitenote_note":"","_monsterinsights_sitenote_category":0,"footnotes":""},"class_list":["post-24","page","type-page","status-publish","hentry","entry","owp-thumbs-layout-horizontal","owp-btn-normal","owp-tabs-layout-horizontal","has-no-thumbnails","has-product-nav"],"yoast_head":"<!-- This site is optimized with the Yoast SEO plugin v27.1.1 - https:\/\/yoast.com\/product\/yoast-seo-wordpress\/ -->\n<title>Contact - Nouvelles Destinations<\/title>\n<meta name=\"robots\" content=\"index, follow, max-snippet:-1, max-image-preview:large, max-video-preview:-1\" \/>\n<link rel=\"canonical\" href=\"https:\/\/www.nouvellesdestinations.fr\/wordpress\/nous-contacter\/\" \/>\n<meta property=\"og:locale\" content=\"fr_FR\" \/>\n<meta property=\"og:type\" content=\"article\" \/>\n<meta property=\"og:title\" content=\"Contact - Nouvelles Destinations\" \/>\n<meta property=\"og:description\" content=\"Notre centrale de r\u00e9servations est joignable au\u00a004 67 02 24 20.Notre service Groupes est joignable au 04 67 02 02 55.Le standard est ouvert du lundi au vendredi de 10h00 \u00e0 12h30 et de 13h30 \u00e0 17h. Nous traitons \u00e9galement vos demandes par e-mail \u00e0 : booking@nouvelles-destinations.com ou groupes@nouvelles-destinations.com.\" \/>\n<meta property=\"og:url\" content=\"https:\/\/www.nouvellesdestinations.fr\/wordpress\/nous-contacter\/\" \/>\n<meta property=\"og:site_name\" content=\"Nouvelles Destinations\" \/>\n<meta property=\"article:modified_time\" content=\"2024-09-02T10:37:07+00:00\" \/>\n<meta name=\"twitter:card\" content=\"summary_large_image\" \/>\n<script type=\"application\/ld+json\" class=\"yoast-schema-graph\">{\"@context\":\"https:\/\/schema.org\",\"@graph\":[{\"@type\":\"WebPage\",\"@id\":\"https:\/\/www.nouvellesdestinations.fr\/wordpress\/nous-contacter\/\",\"url\":\"https:\/\/www.nouvellesdestinations.fr\/wordpress\/nous-contacter\/\",\"name\":\"Contact - Nouvelles Destinations\",\"isPartOf\":{\"@id\":\"https:\/\/www.nouvellesdestinations.fr\/wordpress\/#website\"},\"datePublished\":\"2020-02-28T09:32:26+00:00\",\"dateModified\":\"2024-09-02T10:37:07+00:00\",\"breadcrumb\":{\"@id\":\"https:\/\/www.nouvellesdestinations.fr\/wordpress\/nous-contacter\/#breadcrumb\"},\"inLanguage\":\"fr-FR\",\"potentialAction\":[{\"@type\":\"ReadAction\",\"target\":[\"https:\/\/www.nouvellesdestinations.fr\/wordpress\/nous-contacter\/\"]}]},{\"@type\":\"BreadcrumbList\",\"@id\":\"https:\/\/www.nouvellesdestinations.fr\/wordpress\/nous-contacter\/#breadcrumb\",\"itemListElement\":[{\"@type\":\"ListItem\",\"position\":1,\"name\":\"Accueil\",\"item\":\"https:\/\/www.nouvellesdestinations.fr\/wordpress\/\"},{\"@type\":\"ListItem\",\"position\":2,\"name\":\"Contact\"}]},{\"@type\":\"WebSite\",\"@id\":\"https:\/\/www.nouvellesdestinations.fr\/wordpress\/#website\",\"url\":\"https:\/\/www.nouvellesdestinations.fr\/wordpress\/\",\"name\":\"Nouvelles Destinations\",\"description\":\"Cr\u00e9ateur de voyages depuis 1996\",\"publisher\":{\"@id\":\"https:\/\/www.nouvellesdestinations.fr\/wordpress\/#organization\"},\"potentialAction\":[{\"@type\":\"SearchAction\",\"target\":{\"@type\":\"EntryPoint\",\"urlTemplate\":\"https:\/\/www.nouvellesdestinations.fr\/wordpress\/?s={search_term_string}\"},\"query-input\":{\"@type\":\"PropertyValueSpecification\",\"valueRequired\":true,\"valueName\":\"search_term_string\"}}],\"inLanguage\":\"fr-FR\"},{\"@type\":\"Organization\",\"@id\":\"https:\/\/www.nouvellesdestinations.fr\/wordpress\/#organization\",\"name\":\"Nouvelles Destinations\",\"url\":\"https:\/\/www.nouvellesdestinations.fr\/wordpress\/\",\"logo\":{\"@type\":\"ImageObject\",\"inLanguage\":\"fr-FR\",\"@id\":\"https:\/\/www.nouvellesdestinations.fr\/wordpress\/#\/schema\/logo\/image\/\",\"url\":\"https:\/\/www.nouvellesdestinations.fr\/wordpress\/wp-content\/uploads\/2020\/02\/Logo-Nouvelles-Destinations-PNG-e1582904447611.png\",\"contentUrl\":\"https:\/\/www.nouvellesdestinations.fr\/wordpress\/wp-content\/uploads\/2020\/02\/Logo-Nouvelles-Destinations-PNG-e1582904447611.png\",\"width\":200,\"height\":78,\"caption\":\"Nouvelles Destinations\"},\"image\":{\"@id\":\"https:\/\/www.nouvellesdestinations.fr\/wordpress\/#\/schema\/logo\/image\/\"}}]}<\/script>\n<!-- \/ Yoast SEO plugin. -->","yoast_head_json":{"title":"Contact - Nouvelles Destinations","robots":{"index":"index","follow":"follow","max-snippet":"max-snippet:-1","max-image-preview":"max-image-preview:large","max-video-preview":"max-video-preview:-1"},"canonical":"https:\/\/www.nouvellesdestinations.fr\/wordpress\/nous-contacter\/","og_locale":"fr_FR","og_type":"article","og_title":"Contact - Nouvelles Destinations","og_description":"Notre centrale de r\u00e9servations est joignable au\u00a004 67 02 24 20.Notre service Groupes est joignable au 04 67 02 02 55.Le standard est ouvert du lundi au vendredi de 10h00 \u00e0 12h30 et de 13h30 \u00e0 17h. Nous traitons \u00e9galement vos demandes par e-mail \u00e0 : booking@nouvelles-destinations.com ou groupes@nouvelles-destinations.com.","og_url":"https:\/\/www.nouvellesdestinations.fr\/wordpress\/nous-contacter\/","og_site_name":"Nouvelles Destinations","article_modified_time":"2024-09-02T10:37:07+00:00","twitter_card":"summary_large_image","schema":{"@context":"https:\/\/schema.org","@graph":[{"@type":"WebPage","@id":"https:\/\/www.nouvellesdestinations.fr\/wordpress\/nous-contacter\/","url":"https:\/\/www.nouvellesdestinations.fr\/wordpress\/nous-contacter\/","name":"Contact - Nouvelles Destinations","isPartOf":{"@id":"https:\/\/www.nouvellesdestinations.fr\/wordpress\/#website"},"datePublished":"2020-02-28T09:32:26+00:00","dateModified":"2024-09-02T10:37:07+00:00","breadcrumb":{"@id":"https:\/\/www.nouvellesdestinations.fr\/wordpress\/nous-contacter\/#breadcrumb"},"inLanguage":"fr-FR","potentialAction":[{"@type":"ReadAction","target":["https:\/\/www.nouvellesdestinations.fr\/wordpress\/nous-contacter\/"]}]},{"@type":"BreadcrumbList","@id":"https:\/\/www.nouvellesdestinations.fr\/wordpress\/nous-contacter\/#breadcrumb","itemListElement":[{"@type":"ListItem","position":1,"name":"Accueil","item":"https:\/\/www.nouvellesdestinations.fr\/wordpress\/"},{"@type":"ListItem","position":2,"name":"Contact"}]},{"@type":"WebSite","@id":"https:\/\/www.nouvellesdestinations.fr\/wordpress\/#website","url":"https:\/\/www.nouvellesdestinations.fr\/wordpress\/","name":"Nouvelles Destinations","description":"Cr\u00e9ateur de voyages depuis 1996","publisher":{"@id":"https:\/\/www.nouvellesdestinations.fr\/wordpress\/#organization"},"potentialAction":[{"@type":"SearchAction","target":{"@type":"EntryPoint","urlTemplate":"https:\/\/www.nouvellesdestinations.fr\/wordpress\/?s={search_term_string}"},"query-input":{"@type":"PropertyValueSpecification","valueRequired":true,"valueName":"search_term_string"}}],"inLanguage":"fr-FR"},{"@type":"Organization","@id":"https:\/\/www.nouvellesdestinations.fr\/wordpress\/#organization","name":"Nouvelles Destinations","url":"https:\/\/www.nouvellesdestinations.fr\/wordpress\/","logo":{"@type":"ImageObject","inLanguage":"fr-FR","@id":"https:\/\/www.nouvellesdestinations.fr\/wordpress\/#\/schema\/logo\/image\/","url":"https:\/\/www.nouvellesdestinations.fr\/wordpress\/wp-content\/uploads\/2020\/02\/Logo-Nouvelles-Destinations-PNG-e1582904447611.png","contentUrl":"https:\/\/www.nouvellesdestinations.fr\/wordpress\/wp-content\/uploads\/2020\/02\/Logo-Nouvelles-Destinations-PNG-e1582904447611.png","width":200,"height":78,"caption":"Nouvelles Destinations"},"image":{"@id":"https:\/\/www.nouvellesdestinations.fr\/wordpress\/#\/schema\/logo\/image\/"}}]}},"_links":{"self":[{"href":"https:\/\/www.nouvellesdestinations.fr\/wordpress\/wp-json\/wp\/v2\/pages\/24","targetHints":{"allow":["GET"]}}],"collection":[{"href":"https:\/\/www.nouvellesdestinations.fr\/wordpress\/wp-json\/wp\/v2\/pages"}],"about":[{"href":"https:\/\/www.nouvellesdestinations.fr\/wordpress\/wp-json\/wp\/v2\/types\/page"}],"author":[{"embeddable":true,"href":"https:\/\/www.nouvellesdestinations.fr\/wordpress\/wp-json\/wp\/v2\/users\/1"}],"replies":[{"embeddable":true,"href":"https:\/\/www.nouvellesdestinations.fr\/wordpress\/wp-json\/wp\/v2\/comments?post=24"}],"version-history":[{"count":22,"href":"https:\/\/www.nouvellesdestinations.fr\/wordpress\/wp-json\/wp\/v2\/pages\/24\/revisions"}],"predecessor-version":[{"id":2896,"href":"https:\/\/www.nouvellesdestinations.fr\/wordpress\/wp-json\/wp\/v2\/pages\/24\/revisions\/2896"}],"wp:attachment":[{"href":"https:\/\/www.nouvellesdestinations.fr\/wordpress\/wp-json\/wp\/v2\/media?parent=24"}],"curies":[{"name":"wp","href":"https:\/\/api.w.org\/{rel}","templated":true}]}}