{"id":127,"date":"2020-05-07T12:01:03","date_gmt":"2020-05-07T10:01:03","guid":{"rendered":"https:\/\/www.nouvellesdestinations.fr\/wordpress\/?page_id=127"},"modified":"2024-02-22T14:26:38","modified_gmt":"2024-02-22T13:26:38","slug":"demande-de-devis-groupe","status":"publish","type":"page","link":"https:\/\/www.nouvellesdestinations.fr\/wordpress\/demande-de-devis-groupe\/","title":{"rendered":"Demande de devis groupe"},"content":{"rendered":"<p><span style=\"font-size: 12pt; font-family: arial, helvetica, sans-serif; color: #000000;\">Vous souhaitez un circuit culturel, un s\u00e9jour parc, un city-trip, un week-end Spa, un s\u00e9jour baln\u00e9aire, une escapade sur mesure, une sortie \u00e0 la journ\u00e9e&#8230;?<\/span><\/p>\n<p><span style=\"font-family: arial, helvetica, sans-serif; color: #000000; font-size: 12pt;\"> Faites-nous part de vos envies de voyages, nous nous occupons du reste !<\/span><\/p>\n<p><span style=\"font-family: arial, helvetica, sans-serif; color: #000000; font-size: 12pt;\">Nos experts vous proposent des offres sur-mesure \u00e0 des prix comp\u00e9titifs et des conditions avantageuses.<\/span><\/p>\n<p><span style=\"font-family: arial, helvetica, sans-serif; color: #333333; font-size: 12pt;\"><span style=\"color: #000000;\">Pour obtenir un devis gratuit, remplissez le formulaire ci-dessous. Nous vous r\u00e9pondrons dans les meilleurs d\u00e9lais<\/span>.<\/span><\/p>\n<p>&nbsp;<\/p>\n<p><span style=\"color: #000000; font-size: 14pt;\">\n<div class=\"wpcf7 no-js\" id=\"wpcf7-f126-o1\" lang=\"fr-FR\" dir=\"ltr\" data-wpcf7-id=\"126\">\n<div class=\"screen-reader-response\"><p role=\"status\" aria-live=\"polite\" aria-atomic=\"true\"><\/p> <ul><\/ul><\/div>\n<form action=\"\/wordpress\/wp-json\/wp\/v2\/pages\/127#wpcf7-f126-o1\" method=\"post\" class=\"wpcf7-form init\" aria-label=\"Formulaire de contact\" novalidate=\"novalidate\" data-status=\"init\">\n<fieldset class=\"hidden-fields-container\"><input type=\"hidden\" name=\"_wpcf7\" value=\"126\" \/><input type=\"hidden\" name=\"_wpcf7_version\" value=\"6.1.5\" \/><input type=\"hidden\" name=\"_wpcf7_locale\" value=\"fr_FR\" \/><input type=\"hidden\" name=\"_wpcf7_unit_tag\" value=\"wpcf7-f126-o1\" \/><input type=\"hidden\" name=\"_wpcf7_container_post\" value=\"0\" \/><input type=\"hidden\" name=\"_wpcf7_posted_data_hash\" value=\"\" \/>\n<\/fieldset>\n<div align=\"center\">\n\t<p><strong>FORMULAIRE DE DEMANDE DE DEVIS GROUPES<\/strong>\n\t<\/p>\n<\/div>\n<p><strong>Type de groupe<\/strong><br \/>\n<span class=\"wpcf7-form-control-wrap\" data-name=\"typegp\"><span class=\"wpcf7-form-control wpcf7-checkbox\" id=\"typegroupe\"><span class=\"wpcf7-list-item first\"><input type=\"checkbox\" name=\"typegp[]\" value=\"Association\" \/><span class=\"wpcf7-list-item-label\">Association<\/span><\/span><span class=\"wpcf7-list-item\"><input type=\"checkbox\" name=\"typegp[]\" value=\"Scolaire\" \/><span class=\"wpcf7-list-item-label\">Scolaire<\/span><\/span><span class=\"wpcf7-list-item\"><input type=\"checkbox\" name=\"typegp[]\" value=\"CE\/CSE\" \/><span class=\"wpcf7-list-item-label\">CE\/CSE<\/span><\/span><span class=\"wpcf7-list-item\"><input type=\"checkbox\" name=\"typegp[]\" value=\"Events\" \/><span class=\"wpcf7-list-item-label\">Events<\/span><\/span><span class=\"wpcf7-list-item last\"><input type=\"checkbox\" name=\"typegp[]\" value=\"Autre\" \/><span class=\"wpcf7-list-item-label\">Autre<\/span><\/span><\/span><\/span>\n<\/p>\n<p>Type de voyage<br \/>\n<span class=\"wpcf7-form-control-wrap\" data-name=\"type-voyage\"><span class=\"wpcf7-form-control wpcf7-checkbox wpcf7-exclusive-checkbox Type de voyage\" id=\"Typevoyage\"><span class=\"wpcf7-list-item first\"><input type=\"checkbox\" name=\"type-voyage\" value=\"Circuit\" \/><span class=\"wpcf7-list-item-label\">Circuit<\/span><\/span><span class=\"wpcf7-list-item\"><input type=\"checkbox\" name=\"type-voyage\" value=\"H\u00f4tel+billet\/visite\" \/><span class=\"wpcf7-list-item-label\">H\u00f4tel+billet\/visite<\/span><\/span><span class=\"wpcf7-list-item\"><input type=\"checkbox\" name=\"type-voyage\" value=\"H\u00e9bergement seul\" \/><span class=\"wpcf7-list-item-label\">H\u00e9bergement seul<\/span><\/span><span class=\"wpcf7-list-item last\"><input type=\"checkbox\" name=\"type-voyage\" value=\"Billets seuls\" \/><span class=\"wpcf7-list-item-label\">Billets seuls<\/span><\/span><\/span><\/span>\n<\/p>\n<p>Destination*<br \/>\n<span class=\"wpcf7-form-control-wrap\" data-name=\"desti\"><input size=\"40\" maxlength=\"400\" class=\"wpcf7-form-control wpcf7-text wpcf7-validates-as-required destination\" id=\"destination\" aria-required=\"true\" aria-invalid=\"false\" value=\"\" type=\"text\" name=\"desti\" \/><\/span>\n<\/p>\n<p>Date de d\u00e9part* (ou p\u00e9riode si vous n'avez pas de date pr\u00e9cise)<br \/>\n<span class=\"wpcf7-form-control-wrap\" data-name=\"date\"><input size=\"40\" maxlength=\"400\" class=\"wpcf7-form-control wpcf7-text wpcf7-validates-as-required\" id=\"date\" aria-required=\"true\" aria-invalid=\"false\" value=\"\" type=\"text\" name=\"date\" \/><\/span>\n<\/p>\n<p>Dur\u00e9e (nombre de jours)<br \/>\n<span class=\"wpcf7-form-control-wrap\" data-name=\"nbjours\"><input class=\"wpcf7-form-control wpcf7-number wpcf7-validates-as-number\" aria-invalid=\"false\" value=\"duree\" type=\"number\" name=\"nbjours\" \/><\/span>\n<\/p>\n<p>D'o\u00f9 partez-vous ?<br \/>\n<span class=\"wpcf7-form-control-wrap\" data-name=\"depart\"><input size=\"40\" maxlength=\"400\" class=\"wpcf7-form-control wpcf7-text\" id=\"lieudepart\" aria-invalid=\"false\" value=\"\" type=\"text\" name=\"depart\" \/><\/span>\n<\/p>\n<p>Transport<br \/>\n<span class=\"wpcf7-form-control-wrap\" data-name=\"transport\"><span class=\"wpcf7-form-control wpcf7-checkbox\" id=\"transport\"><span class=\"wpcf7-list-item first\"><input type=\"checkbox\" name=\"transport[]\" value=\"Autocar\" \/><span class=\"wpcf7-list-item-label\">Autocar<\/span><\/span><span class=\"wpcf7-list-item\"><input type=\"checkbox\" name=\"transport[]\" value=\"Train\" \/><span class=\"wpcf7-list-item-label\">Train<\/span><\/span><span class=\"wpcf7-list-item\"><input type=\"checkbox\" name=\"transport[]\" value=\"Avion\" \/><span class=\"wpcf7-list-item-label\">Avion<\/span><\/span><span class=\"wpcf7-list-item last\"><input type=\"checkbox\" name=\"transport[]\" value=\"Pas de transport\" \/><span class=\"wpcf7-list-item-label\">Pas de transport<\/span><\/span><\/span><\/span>\n<\/p>\n<p>Nombre de participants*<br \/>\n<span class=\"wpcf7-form-control-wrap\" data-name=\"nbpax\"><input class=\"wpcf7-form-control wpcf7-number wpcf7-validates-as-required wpcf7-validates-as-number\" id=\"nbpax\" aria-required=\"true\" aria-invalid=\"false\" value=\"\" type=\"number\" name=\"nbpax\" \/><\/span>\n<\/p>\n<p><label> Nom de votre groupe<br \/>\n<span class=\"wpcf7-form-control-wrap\" data-name=\"gp-name\"><input size=\"40\" maxlength=\"400\" class=\"wpcf7-form-control wpcf7-text\" aria-invalid=\"false\" value=\"\" type=\"text\" name=\"gp-name\" \/><\/span> <\/label>\n<\/p>\n<p><label> Votre nom*<br \/>\n<span class=\"wpcf7-form-control-wrap\" data-name=\"your-name\"><input size=\"40\" maxlength=\"400\" class=\"wpcf7-form-control wpcf7-text wpcf7-validates-as-required\" aria-required=\"true\" aria-invalid=\"false\" value=\"\" type=\"text\" name=\"your-name\" \/><\/span> <\/label>\n<\/p>\n<p><label> Votre adresse e-mail*<br \/>\n<span class=\"wpcf7-form-control-wrap\" data-name=\"your-email\"><input size=\"40\" maxlength=\"400\" class=\"wpcf7-form-control wpcf7-email wpcf7-validates-as-required wpcf7-text wpcf7-validates-as-email\" aria-required=\"true\" aria-invalid=\"false\" value=\"\" type=\"email\" name=\"your-email\" \/><\/span> <\/label>\n<\/p>\n<p>Votre num\u00e9ro de t\u00e9l\u00e9phone*<br \/>\n<span class=\"wpcf7-form-control-wrap\" data-name=\"tel-666\"><input size=\"40\" maxlength=\"400\" class=\"wpcf7-form-control wpcf7-tel wpcf7-validates-as-required wpcf7-text wpcf7-validates-as-tel\" id=\"telephone\" aria-required=\"true\" aria-invalid=\"false\" value=\"\" type=\"tel\" name=\"tel-666\" \/><\/span>\n<\/p>\n<p><label> Remarques<br \/>\n<span class=\"wpcf7-form-control-wrap\" data-name=\"your-message\"><textarea cols=\"40\" rows=\"10\" maxlength=\"2000\" class=\"wpcf7-form-control wpcf7-textarea\" aria-invalid=\"false\" name=\"your-message\"><\/textarea><\/span> <\/label>\n<\/p>\n<p><input class=\"wpcf7-form-control wpcf7-submit has-spinner\" type=\"submit\" value=\"Envoyer\" \/>\n<\/p>\n<p>*Champ obligatoire\n<\/p><p style=\"display: none !important;\" class=\"akismet-fields-container\" data-prefix=\"_wpcf7_ak_\"><label>&#916;<textarea name=\"_wpcf7_ak_hp_textarea\" cols=\"45\" rows=\"8\" maxlength=\"100\"><\/textarea><\/label><input type=\"hidden\" id=\"ak_js_1\" name=\"_wpcf7_ak_js\" value=\"84\"\/><script>document.getElementById( \"ak_js_1\" ).setAttribute( \"value\", ( new Date() ).getTime() );<\/script><\/p><div class=\"wpcf7-response-output\" aria-hidden=\"true\"><\/div>\n<\/form>\n<\/div>\n<\/span><\/p>\n","protected":false},"excerpt":{"rendered":"<p>Vous souhaitez un circuit culturel, un s\u00e9jour parc, un city-trip, un week-end Spa, un s\u00e9jour baln\u00e9aire, une escapade sur mesure, une sortie \u00e0 la journ\u00e9e&#8230;? Faites-nous part de vos envies de voyages, nous nous occupons du reste ! Nos experts vous proposent des offres sur-mesure \u00e0 des prix comp\u00e9titifs et des conditions avantageuses. Pour obtenir [&hellip;]<\/p>\n","protected":false},"author":1,"featured_media":0,"parent":0,"menu_order":0,"comment_status":"closed","ping_status":"closed","template":"","meta":{"content-type":"","_monsterinsights_skip_tracking":false,"_monsterinsights_sitenote_active":false,"_monsterinsights_sitenote_note":"","_monsterinsights_sitenote_category":0,"footnotes":""},"class_list":["post-127","page","type-page","status-publish","hentry","entry","owp-thumbs-layout-horizontal","owp-btn-normal","owp-tabs-layout-horizontal","has-no-thumbnails","has-product-nav"],"yoast_head":"<!-- This site is optimized with the Yoast SEO plugin v27.1.1 - https:\/\/yoast.com\/product\/yoast-seo-wordpress\/ -->\n<title>Demande de devis groupe - Nouvelles Destinations<\/title>\n<meta name=\"description\" content=\"Faites nous part de vos envies de voyages, nous nous occupons du reste. Remplissez ce formulaire de demande de devis pour votre groupe. R\u00e9ponse rapide.\" \/>\n<meta name=\"robots\" content=\"index, follow, max-snippet:-1, max-image-preview:large, max-video-preview:-1\" \/>\n<link rel=\"canonical\" href=\"https:\/\/www.nouvellesdestinations.fr\/wordpress\/demande-de-devis-groupe\/\" \/>\n<meta property=\"og:locale\" content=\"fr_FR\" \/>\n<meta property=\"og:type\" content=\"article\" \/>\n<meta property=\"og:title\" content=\"Demande de devis groupe - Nouvelles Destinations\" \/>\n<meta property=\"og:description\" content=\"Faites nous part de vos envies de voyages, nous nous occupons du reste. Remplissez ce formulaire de demande de devis pour votre groupe. R\u00e9ponse rapide.\" \/>\n<meta property=\"og:url\" content=\"https:\/\/www.nouvellesdestinations.fr\/wordpress\/demande-de-devis-groupe\/\" \/>\n<meta property=\"og:site_name\" content=\"Nouvelles Destinations\" \/>\n<meta property=\"article:modified_time\" content=\"2024-02-22T13:26:38+00:00\" \/>\n<meta name=\"twitter:card\" content=\"summary_large_image\" \/>\n<script type=\"application\/ld+json\" class=\"yoast-schema-graph\">{\"@context\":\"https:\/\/schema.org\",\"@graph\":[{\"@type\":\"WebPage\",\"@id\":\"https:\/\/www.nouvellesdestinations.fr\/wordpress\/demande-de-devis-groupe\/\",\"url\":\"https:\/\/www.nouvellesdestinations.fr\/wordpress\/demande-de-devis-groupe\/\",\"name\":\"Demande de devis groupe - Nouvelles Destinations\",\"isPartOf\":{\"@id\":\"https:\/\/www.nouvellesdestinations.fr\/wordpress\/#website\"},\"datePublished\":\"2020-05-07T10:01:03+00:00\",\"dateModified\":\"2024-02-22T13:26:38+00:00\",\"description\":\"Faites nous part de vos envies de voyages, nous nous occupons du reste. Remplissez ce formulaire de demande de devis pour votre groupe. R\u00e9ponse rapide.\",\"breadcrumb\":{\"@id\":\"https:\/\/www.nouvellesdestinations.fr\/wordpress\/demande-de-devis-groupe\/#breadcrumb\"},\"inLanguage\":\"fr-FR\",\"potentialAction\":[{\"@type\":\"ReadAction\",\"target\":[\"https:\/\/www.nouvellesdestinations.fr\/wordpress\/demande-de-devis-groupe\/\"]}]},{\"@type\":\"BreadcrumbList\",\"@id\":\"https:\/\/www.nouvellesdestinations.fr\/wordpress\/demande-de-devis-groupe\/#breadcrumb\",\"itemListElement\":[{\"@type\":\"ListItem\",\"position\":1,\"name\":\"Accueil\",\"item\":\"https:\/\/www.nouvellesdestinations.fr\/wordpress\/\"},{\"@type\":\"ListItem\",\"position\":2,\"name\":\"Demande de devis groupe\"}]},{\"@type\":\"WebSite\",\"@id\":\"https:\/\/www.nouvellesdestinations.fr\/wordpress\/#website\",\"url\":\"https:\/\/www.nouvellesdestinations.fr\/wordpress\/\",\"name\":\"Nouvelles Destinations\",\"description\":\"Cr\u00e9ateur de voyages depuis 1996\",\"publisher\":{\"@id\":\"https:\/\/www.nouvellesdestinations.fr\/wordpress\/#organization\"},\"potentialAction\":[{\"@type\":\"SearchAction\",\"target\":{\"@type\":\"EntryPoint\",\"urlTemplate\":\"https:\/\/www.nouvellesdestinations.fr\/wordpress\/?s={search_term_string}\"},\"query-input\":{\"@type\":\"PropertyValueSpecification\",\"valueRequired\":true,\"valueName\":\"search_term_string\"}}],\"inLanguage\":\"fr-FR\"},{\"@type\":\"Organization\",\"@id\":\"https:\/\/www.nouvellesdestinations.fr\/wordpress\/#organization\",\"name\":\"Nouvelles Destinations\",\"url\":\"https:\/\/www.nouvellesdestinations.fr\/wordpress\/\",\"logo\":{\"@type\":\"ImageObject\",\"inLanguage\":\"fr-FR\",\"@id\":\"https:\/\/www.nouvellesdestinations.fr\/wordpress\/#\/schema\/logo\/image\/\",\"url\":\"https:\/\/www.nouvellesdestinations.fr\/wordpress\/wp-content\/uploads\/2020\/02\/Logo-Nouvelles-Destinations-PNG-e1582904447611.png\",\"contentUrl\":\"https:\/\/www.nouvellesdestinations.fr\/wordpress\/wp-content\/uploads\/2020\/02\/Logo-Nouvelles-Destinations-PNG-e1582904447611.png\",\"width\":200,\"height\":78,\"caption\":\"Nouvelles Destinations\"},\"image\":{\"@id\":\"https:\/\/www.nouvellesdestinations.fr\/wordpress\/#\/schema\/logo\/image\/\"}}]}<\/script>\n<!-- \/ Yoast SEO plugin. -->","yoast_head_json":{"title":"Demande de devis groupe - Nouvelles Destinations","description":"Faites nous part de vos envies de voyages, nous nous occupons du reste. Remplissez ce formulaire de demande de devis pour votre groupe. R\u00e9ponse rapide.","robots":{"index":"index","follow":"follow","max-snippet":"max-snippet:-1","max-image-preview":"max-image-preview:large","max-video-preview":"max-video-preview:-1"},"canonical":"https:\/\/www.nouvellesdestinations.fr\/wordpress\/demande-de-devis-groupe\/","og_locale":"fr_FR","og_type":"article","og_title":"Demande de devis groupe - Nouvelles Destinations","og_description":"Faites nous part de vos envies de voyages, nous nous occupons du reste. Remplissez ce formulaire de demande de devis pour votre groupe. R\u00e9ponse rapide.","og_url":"https:\/\/www.nouvellesdestinations.fr\/wordpress\/demande-de-devis-groupe\/","og_site_name":"Nouvelles Destinations","article_modified_time":"2024-02-22T13:26:38+00:00","twitter_card":"summary_large_image","schema":{"@context":"https:\/\/schema.org","@graph":[{"@type":"WebPage","@id":"https:\/\/www.nouvellesdestinations.fr\/wordpress\/demande-de-devis-groupe\/","url":"https:\/\/www.nouvellesdestinations.fr\/wordpress\/demande-de-devis-groupe\/","name":"Demande de devis groupe - Nouvelles Destinations","isPartOf":{"@id":"https:\/\/www.nouvellesdestinations.fr\/wordpress\/#website"},"datePublished":"2020-05-07T10:01:03+00:00","dateModified":"2024-02-22T13:26:38+00:00","description":"Faites nous part de vos envies de voyages, nous nous occupons du reste. Remplissez ce formulaire de demande de devis pour votre groupe. R\u00e9ponse rapide.","breadcrumb":{"@id":"https:\/\/www.nouvellesdestinations.fr\/wordpress\/demande-de-devis-groupe\/#breadcrumb"},"inLanguage":"fr-FR","potentialAction":[{"@type":"ReadAction","target":["https:\/\/www.nouvellesdestinations.fr\/wordpress\/demande-de-devis-groupe\/"]}]},{"@type":"BreadcrumbList","@id":"https:\/\/www.nouvellesdestinations.fr\/wordpress\/demande-de-devis-groupe\/#breadcrumb","itemListElement":[{"@type":"ListItem","position":1,"name":"Accueil","item":"https:\/\/www.nouvellesdestinations.fr\/wordpress\/"},{"@type":"ListItem","position":2,"name":"Demande de devis groupe"}]},{"@type":"WebSite","@id":"https:\/\/www.nouvellesdestinations.fr\/wordpress\/#website","url":"https:\/\/www.nouvellesdestinations.fr\/wordpress\/","name":"Nouvelles Destinations","description":"Cr\u00e9ateur de voyages depuis 1996","publisher":{"@id":"https:\/\/www.nouvellesdestinations.fr\/wordpress\/#organization"},"potentialAction":[{"@type":"SearchAction","target":{"@type":"EntryPoint","urlTemplate":"https:\/\/www.nouvellesdestinations.fr\/wordpress\/?s={search_term_string}"},"query-input":{"@type":"PropertyValueSpecification","valueRequired":true,"valueName":"search_term_string"}}],"inLanguage":"fr-FR"},{"@type":"Organization","@id":"https:\/\/www.nouvellesdestinations.fr\/wordpress\/#organization","name":"Nouvelles Destinations","url":"https:\/\/www.nouvellesdestinations.fr\/wordpress\/","logo":{"@type":"ImageObject","inLanguage":"fr-FR","@id":"https:\/\/www.nouvellesdestinations.fr\/wordpress\/#\/schema\/logo\/image\/","url":"https:\/\/www.nouvellesdestinations.fr\/wordpress\/wp-content\/uploads\/2020\/02\/Logo-Nouvelles-Destinations-PNG-e1582904447611.png","contentUrl":"https:\/\/www.nouvellesdestinations.fr\/wordpress\/wp-content\/uploads\/2020\/02\/Logo-Nouvelles-Destinations-PNG-e1582904447611.png","width":200,"height":78,"caption":"Nouvelles Destinations"},"image":{"@id":"https:\/\/www.nouvellesdestinations.fr\/wordpress\/#\/schema\/logo\/image\/"}}]}},"_links":{"self":[{"href":"https:\/\/www.nouvellesdestinations.fr\/wordpress\/wp-json\/wp\/v2\/pages\/127","targetHints":{"allow":["GET"]}}],"collection":[{"href":"https:\/\/www.nouvellesdestinations.fr\/wordpress\/wp-json\/wp\/v2\/pages"}],"about":[{"href":"https:\/\/www.nouvellesdestinations.fr\/wordpress\/wp-json\/wp\/v2\/types\/page"}],"author":[{"embeddable":true,"href":"https:\/\/www.nouvellesdestinations.fr\/wordpress\/wp-json\/wp\/v2\/users\/1"}],"replies":[{"embeddable":true,"href":"https:\/\/www.nouvellesdestinations.fr\/wordpress\/wp-json\/wp\/v2\/comments?post=127"}],"version-history":[{"count":19,"href":"https:\/\/www.nouvellesdestinations.fr\/wordpress\/wp-json\/wp\/v2\/pages\/127\/revisions"}],"predecessor-version":[{"id":1672,"href":"https:\/\/www.nouvellesdestinations.fr\/wordpress\/wp-json\/wp\/v2\/pages\/127\/revisions\/1672"}],"wp:attachment":[{"href":"https:\/\/www.nouvellesdestinations.fr\/wordpress\/wp-json\/wp\/v2\/media?parent=127"}],"curies":[{"name":"wp","href":"https:\/\/api.w.org\/{rel}","templated":true}]}}